{"id":9506,"date":"2022-11-28T22:23:30","date_gmt":"2022-11-28T22:23:30","guid":{"rendered":"http:\/\/www.fangates.it\/il-prodotto\/"},"modified":"2026-04-23T08:05:43","modified_gmt":"2026-04-23T08:05:43","slug":"modeles-materiaux","status":"publish","type":"page","link":"https:\/\/www.fangates.it\/fr\/modeles-materiaux\/","title":{"rendered":"Mod\u00e8les, mat\u00e9riaux"},"content":{"rendered":"<section class=\"l-section wpb_row height_custom with_img with_shape\"><div class=\"l-section-img\" style=\"background-image: url(https:\/\/www.fangates.it\/wp-content\/uploads\/2022\/12\/header_prodotto.jpg);background-repeat: no-repeat;\" data-img-width=\"2200\" data-img-height=\"900\"><\/div><div class=\"l-section-shape type_triangle-2 pos_bottom\" style=\"height:5vh;\"><svg xmlns=\"http:\/\/www.w3.org\/2000\/svg\" viewBox=\"0 0 64 8\" preserveAspectRatio=\"none\" width=\"100%\" height=\"100%\">\r\n\t<path fill=\"currentColor\" d=\"M64 8 L0 8 L0 0 L48 7.9 L64 0 Z\"\/>\r\n<\/svg><\/div><div class=\"l-section-h i-cf\"><div class=\"g-cols vc_row via_flex valign_top type_default stacking_default\"><div class=\"vc_col-sm-12 wpb_column vc_column_container\"><div class=\"vc_column-inner\"><div class=\"wpb_wrapper\"><div class=\"w-separator size_custom\" style=\"height:20vh\" id=\"sbe8\"><style><\/style><\/div><div class=\"wpb_text_column\"><div class=\"wpb_wrapper\"><h1><span style=\"color: #f0b865;\">Mod\u00e8les, mat\u00e9riaux et accessoires<\/span><\/h1>\n<\/div><\/div><\/div><\/div><\/div><\/div><\/div><\/section><section class=\"l-section wpb_row height_custom\"><div class=\"l-section-h i-cf\"><div class=\"g-cols vc_row via_flex valign_top type_default stacking_default\"><div class=\"vc_col-sm-12 wpb_column vc_column_container\"><div class=\"vc_column-inner\"><div class=\"wpb_wrapper\"><div class=\"g-cols wpb_row via_flex valign_top type_default stacking_default\"><div class=\"vc_col-sm-12 wpb_column vc_column_container\"><div class=\"vc_column-inner\"><div class=\"wpb_wrapper\"><div class=\"wpb_text_column\"><div class=\"wpb_wrapper\"><h2><span style=\"color: #f0b865;\">5 Mod\u00e8les <span style=\"color: #ffffff;\">de r\u00e9f\u00e9rence<\/span><\/span><\/h2>\n<\/div><\/div><div class=\"wpb_text_column\"><div class=\"wpb_wrapper\"><h5>Voici les mod\u00e8les de d\u00e9part : personnalisables en forme, dimension et finition<\/h5>\n<\/div><\/div><\/div><\/div><\/div><\/div><div class=\"w-separator size_medium\"><\/div><div class=\"g-cols wpb_row via_flex valign_middle type_default stacking_default\"><div class=\"vc_col-sm-4 wpb_column vc_column_container\"><div class=\"vc_column-inner\"><div class=\"wpb_wrapper\"><div class=\"wpb_text_column us_custom_dccdc381\"><div class=\"wpb_wrapper\"><p><span style=\"color: #f0b865;\"><strong>MOD 280<\/strong><\/span><br \/>\nPassage utile 2800 mm &#8211; Encombrement 3640 mm<br \/>\nPoids total 470kg<\/p>\n<p><span style=\"color: #f0b865;\"><strong>MOD 300<\/strong><\/span><br \/>\nPassage utile 3000 mm &#8211; Encombrement 3840 mm<br \/>\nPoids total 500kg<\/p>\n<p><span style=\"color: #f0b865;\"><strong>MOD 320<\/strong><\/span><br \/>\nPassage utile 3200 mm &#8211; Encombrement 4040 mm<br \/>\nPoids total 510kg<\/p>\n<p><span style=\"color: #f0b865;\"><strong>MOD 350<\/strong><\/span><br \/>\nPassage utile 3500 mm &#8211; Encombrement 4340 mm<br \/>\nPoids total 570kg<\/p>\n<p><span style=\"color: #f0b865;\"><strong>MOD 360<\/strong><\/span><br \/>\nPassage utile 3600 mm &#8211; Encombrement 4440 mm<br \/>\nPoids total 590kg<\/p>\n<\/div><\/div>[vc_empty_space height=\u00a0\u00bb20px\u00a0\u00bb]<div class=\"wpb_text_column us_custom_dccdc381\"><div class=\"wpb_wrapper\"><p><span style=\"color: #f0b865;\"><b>Les mod\u00e8les diff\u00e8rent par :<\/b><\/span><\/p>\n<ul class=\"ul1\">\n<li class=\"li1\">largeur du passage ;<\/li>\n<li class=\"li1\">poids total de la structure ;<\/li>\n<li class=\"li1\">encombrement total lors de l&rsquo;ouverture.<\/li>\n<\/ul>\n<\/div><\/div><\/div><\/div><\/div><div class=\"vc_col-sm-8 wpb_column vc_column_container\"><div class=\"vc_column-inner\"><div class=\"wpb_wrapper\"><div class=\"w-slider style_none fit_scaledown\"><div class=\"w-slider-h\"><div class=\"royalSlider\"><div class=\"rsContent\"><a class=\"rsImg\" data-rsw=\"800\" data-rsh=\"450\" data-rsBigImg=\"https:\/\/www.fangates.it\/wp-content\/uploads\/2022\/12\/280-misure.png\" href=\"https:\/\/www.fangates.it\/wp-content\/uploads\/2022\/12\/280-misure.png\"><span data-alt=\"disegno di funzionamento apertura macchinario fangates modello 280\"><\/span><\/a><\/div><div class=\"rsContent\"><a class=\"rsImg\" data-rsw=\"800\" data-rsh=\"450\" data-rsBigImg=\"https:\/\/www.fangates.it\/wp-content\/uploads\/2022\/12\/300-misure.png\" href=\"https:\/\/www.fangates.it\/wp-content\/uploads\/2022\/12\/300-misure.png\"><span data-alt=\"disegno di funzionamento apertura macchinario fangates modello 300\"><\/span><\/a><\/div><div class=\"rsContent\"><a class=\"rsImg\" data-rsw=\"800\" data-rsh=\"450\" data-rsBigImg=\"https:\/\/www.fangates.it\/wp-content\/uploads\/2022\/12\/320-misure.png\" href=\"https:\/\/www.fangates.it\/wp-content\/uploads\/2022\/12\/320-misure.png\"><span data-alt=\"disegno di funzionamento apertura macchinario fangates modello 320\"><\/span><\/a><\/div><div class=\"rsContent\"><a class=\"rsImg\" data-rsw=\"800\" data-rsh=\"450\" data-rsBigImg=\"https:\/\/www.fangates.it\/wp-content\/uploads\/2022\/12\/350-misure.png\" href=\"https:\/\/www.fangates.it\/wp-content\/uploads\/2022\/12\/350-misure.png\"><span data-alt=\"disegno di funzionamento apertura macchinario fangates modello 350\"><\/span><\/a><\/div><div class=\"rsContent\"><a class=\"rsImg\" data-rsw=\"800\" data-rsh=\"450\" data-rsBigImg=\"https:\/\/www.fangates.it\/wp-content\/uploads\/2022\/12\/360-misure.png\" href=\"https:\/\/www.fangates.it\/wp-content\/uploads\/2022\/12\/360-misure.png\"><span data-alt=\"disegno di funzionamento apertura macchinario modello 360\"><\/span><\/a><\/div><\/div><img src=\"https:\/\/www.fangates.it\/wp-content\/uploads\/2022\/12\/280-misure.png\" width=\"800\" height=\"450\" alt=\"disegno di funzionamento apertura macchinario fangates modello 280\" loading=\"lazy\"><\/div><div class=\"w-slider-json\" onclick='return {&quot;loop&quot;:true,&quot;fadeInLoadedSlide&quot;:false,&quot;slidesSpacing&quot;:0,&quot;imageScalePadding&quot;:0,&quot;numImagesToPreload&quot;:2,&quot;arrowsNav&quot;:true,&quot;arrowsNavAutoHide&quot;:true,&quot;transitionType&quot;:&quot;move&quot;,&quot;transitionSpeed&quot;:550,&quot;block&quot;:{&quot;moveEffect&quot;:&quot;none&quot;,&quot;speed&quot;:300},&quot;controlNavigation&quot;:&quot;bullets&quot;,&quot;fullscreen&quot;:{&quot;enabled&quot;:true},&quot;imageScaleMode&quot;:&quot;fit-if-smaller&quot;,&quot;autoScaleSlider&quot;:true,&quot;autoScaleSliderWidth&quot;:800,&quot;autoScaleSliderHeight&quot;:450,&quot;fitInViewport&quot;:false}'><\/div><\/div><\/div><\/div><\/div><\/div><div class=\"w-separator size_medium\"><\/div><\/div><\/div><\/div><\/div><\/div><\/section><section class=\"l-section wpb_row height_custom color_alternate\"><div class=\"l-section-h i-cf\"><div class=\"g-cols vc_row via_flex valign_top type_default stacking_default\"><div class=\"vc_col-sm-12 wpb_column vc_column_container\"><div class=\"vc_column-inner\"><div class=\"wpb_wrapper\"><div class=\"g-cols wpb_row via_flex valign_top type_default stacking_default\"><div class=\"vc_col-sm-12 wpb_column vc_column_container\"><div class=\"vc_column-inner\"><div class=\"wpb_wrapper\"><div class=\"wpb_text_column\"><div class=\"wpb_wrapper\"><h2><span style=\"color: #f0b865;\">Mat\u00e9riaux disponibles<\/span><\/h2>\n<\/div><\/div><div class=\"wpb_text_column\"><div class=\"wpb_wrapper\"><h5>3 mat\u00e9riaux s\u00e9lectionn\u00e9s per un rendu esth\u00e9tique et une durabilit\u00e9 optimaux<\/h5>\n<\/div><\/div><\/div><\/div><\/div><\/div><div class=\"w-separator size_medium\"><\/div><div class=\"g-cols wpb_row via_flex valign_top type_default stacking_default\"><div class=\"vc_col-sm-6 wpb_column vc_column_container\"><div class=\"vc_column-inner\"><div class=\"wpb_wrapper\"><div class=\"wpb_text_column\"><div class=\"wpb_wrapper\"><h3><span style=\"color: #f0b865;\"><strong>CLASSIQUE<\/strong><\/span><\/h3>\n<\/div><\/div><div class=\"w-separator size_small\"><\/div><div class=\"w-image style_outlined align_none\"><div class=\"w-image-h\"><img width=\"879\" height=\"171\" src=\"https:\/\/www.fangates.it\/wp-content\/uploads\/2022\/11\/materiale_classica.jpg\" class=\"attachment-full size-full\" alt=\"La zincatura a freddo materiale fangates\" loading=\"lazy\" srcset=\"https:\/\/www.fangates.it\/wp-content\/uploads\/2022\/11\/materiale_classica.jpg 879w, https:\/\/www.fangates.it\/wp-content\/uploads\/2022\/11\/materiale_classica-300x58.jpg 300w\" sizes=\"(max-width: 879px) 100vw, 879px\" \/><\/div><\/div><div class=\"w-separator size_small\"><\/div><div class=\"wpb_text_column\"><div class=\"wpb_wrapper\"><p><span style=\"color: #f0b865;\"><strong><em>Le style d&rsquo;un produit unique.<\/em><\/strong><\/span><\/p>\n<p class=\"p1\">Acier galvanis\u00e9 \u00e0 froid, r\u00e9sistant, polyvalent.<\/p>\n<p>La galvanisation \u00e0 froid est un traitement visant \u00e0 prot\u00e9ger les parties en acier de la corrosion. Le rev\u00eatement en zinc forme une barri\u00e8re qui l&rsquo;isole de l&rsquo;attaque des agents atmosph\u00e9riques et assure une protection par action \u00e9lectrochimique.<\/p>\n<\/div><\/div><\/div><\/div><\/div><div class=\"vc_col-sm-6 wpb_column vc_column_container\"><div class=\"vc_column-inner\"><div class=\"wpb_wrapper\"><div class=\"w-slider style_none fit_scaledown\"><div class=\"w-slider-h\"><div class=\"royalSlider\"><div class=\"rsContent\"><a class=\"rsImg\" data-rsw=\"1024\" data-rsh=\"579\" href=\"https:\/\/www.fangates.it\/wp-content\/uploads\/2022\/11\/11-300WP-1024x579.webp\"><span data-alt=\"cancello a ventaglio grigio inox fangates lance\"><\/span><\/a><\/div><\/div><img src=\"https:\/\/www.fangates.it\/wp-content\/uploads\/2022\/11\/11-300WP-1024x579.webp\" width=\"1024\" height=\"579\" alt=\"cancello a ventaglio grigio inox fangates lance\" loading=\"lazy\"><\/div><div class=\"w-slider-json\" onclick='return {&quot;loop&quot;:true,&quot;fadeInLoadedSlide&quot;:false,&quot;slidesSpacing&quot;:0,&quot;imageScalePadding&quot;:0,&quot;numImagesToPreload&quot;:2,&quot;arrowsNav&quot;:true,&quot;arrowsNavAutoHide&quot;:false,&quot;transitionType&quot;:&quot;move&quot;,&quot;transitionSpeed&quot;:250,&quot;block&quot;:{&quot;moveEffect&quot;:&quot;none&quot;,&quot;speed&quot;:300},&quot;controlNavigation&quot;:&quot;none&quot;,&quot;imageScaleMode&quot;:&quot;fit-if-smaller&quot;,&quot;autoScaleSlider&quot;:true,&quot;autoScaleSliderWidth&quot;:1024,&quot;autoScaleSliderHeight&quot;:579,&quot;fitInViewport&quot;:false}'><\/div><\/div><\/div><\/div><\/div><\/div><div class=\"w-separator size_custom with_line width_default thick_2 style_solid color_border align_center\" style=\"height:15vh\"><div class=\"w-separator-h\"><\/div><\/div><div class=\"g-cols wpb_row via_flex valign_top type_default stacking_default\"><div class=\"vc_col-sm-6 wpb_column vc_column_container\"><div class=\"vc_column-inner\"><div class=\"wpb_wrapper\"><div class=\"wpb_text_column\"><div class=\"wpb_wrapper\"><h3><span style=\"color: #f0b865;\"><strong>CORTEN<\/strong><\/span><\/h3>\n<\/div><\/div><div class=\"w-separator size_small\"><\/div><div class=\"w-image style_outlined align_none\"><div class=\"w-image-h\"><img width=\"879\" height=\"171\" src=\"https:\/\/www.fangates.it\/wp-content\/uploads\/2022\/11\/materiale_corten.jpg\" class=\"attachment-large size-large\" alt=\"materiale accaio inox ossidato fangates\" loading=\"lazy\" srcset=\"https:\/\/www.fangates.it\/wp-content\/uploads\/2022\/11\/materiale_corten.jpg 879w, https:\/\/www.fangates.it\/wp-content\/uploads\/2022\/11\/materiale_corten-300x58.jpg 300w\" sizes=\"(max-width: 879px) 100vw, 879px\" \/><\/div><\/div><div class=\"w-separator size_small\"><\/div><div class=\"wpb_text_column\"><div class=\"wpb_wrapper\"><p><span style=\"color: #f0b865;\"><strong><em>Le charme d&rsquo;un mat\u00e9riau intemporel.<\/em><\/strong><\/span><\/p>\n<p class=\"p1\">Mat\u00e9riau \u00e0 l&rsquo;esth\u00e9tique contemporaine qui \u00e9volue avec le temps en cr\u00e9ant une patine protectrice naturelle.<\/p>\n<p>En 1933, la United States Steel Corporation (USS) a brevet\u00e9 pour la premi\u00e8re fois l&rsquo;acier Corten, dont le nom provient de la fusion des caract\u00e9ristiques typiques du mat\u00e9riau : corrosion resistance (r\u00e9sistance \u00e0 la corrosion) et tensile strength (r\u00e9sistance \u00e0 la traction).<\/p>\n<\/div><\/div><\/div><\/div><\/div><div class=\"vc_col-sm-6 wpb_column vc_column_container\"><div class=\"vc_column-inner\"><div class=\"wpb_wrapper\"><div class=\"w-slider style_none fit_scaledown\"><div class=\"w-slider-h\"><div class=\"royalSlider\"><div class=\"rsContent\"><a class=\"rsImg\" data-rsw=\"1024\" data-rsh=\"579\" href=\"https:\/\/www.fangates.it\/wp-content\/uploads\/2022\/11\/60_350WP-01-1024x579.webp\"><span data-alt=\"modello a Ventaglio mod. 350 Osvaldo\"><\/span><\/a><\/div><\/div><img src=\"https:\/\/www.fangates.it\/wp-content\/uploads\/2022\/11\/60_350WP-01-1024x579.webp\" width=\"1024\" height=\"579\" alt=\"modello a Ventaglio mod. 350 Osvaldo\" loading=\"lazy\"><\/div><div class=\"w-slider-json\" onclick='return {&quot;loop&quot;:true,&quot;fadeInLoadedSlide&quot;:false,&quot;slidesSpacing&quot;:0,&quot;imageScalePadding&quot;:0,&quot;numImagesToPreload&quot;:2,&quot;arrowsNav&quot;:true,&quot;arrowsNavAutoHide&quot;:false,&quot;transitionType&quot;:&quot;move&quot;,&quot;transitionSpeed&quot;:250,&quot;block&quot;:{&quot;moveEffect&quot;:&quot;none&quot;,&quot;speed&quot;:300},&quot;controlNavigation&quot;:&quot;none&quot;,&quot;imageScaleMode&quot;:&quot;fit-if-smaller&quot;,&quot;autoScaleSlider&quot;:true,&quot;autoScaleSliderWidth&quot;:1024,&quot;autoScaleSliderHeight&quot;:579,&quot;fitInViewport&quot;:false}'><\/div><\/div><\/div><\/div><\/div><\/div><div class=\"w-separator size_custom with_line width_default thick_2 style_solid color_border align_center\" style=\"height:15vh\"><div class=\"w-separator-h\"><\/div><\/div><div class=\"g-cols wpb_row via_flex valign_top type_default stacking_default\"><div class=\"vc_col-sm-6 wpb_column vc_column_container\"><div class=\"vc_column-inner\"><div class=\"wpb_wrapper\"><div class=\"wpb_text_column\"><div class=\"wpb_wrapper\"><h3><span style=\"color: #f0b865;\"><strong>INOX<\/strong><\/span><\/h3>\n<\/div><\/div><div class=\"w-separator size_small\"><\/div><div class=\"w-image style_outlined align_none\"><div class=\"w-image-h\"><img width=\"879\" height=\"171\" src=\"https:\/\/www.fangates.it\/wp-content\/uploads\/2022\/11\/materiale_inox.jpg\" class=\"attachment-large size-large\" alt=\"materiale accaio inox fangates\" loading=\"lazy\" srcset=\"https:\/\/www.fangates.it\/wp-content\/uploads\/2022\/11\/materiale_inox.jpg 879w, https:\/\/www.fangates.it\/wp-content\/uploads\/2022\/11\/materiale_inox-300x58.jpg 300w\" sizes=\"(max-width: 879px) 100vw, 879px\" \/><\/div><\/div><div class=\"w-separator size_small\"><\/div><div class=\"wpb_text_column\"><div class=\"wpb_wrapper\"><p><span style=\"color: #f0b865;\"><strong><em>R\u00e9sistant \u00e0 l&rsquo;oxydation m\u00eame dans des environnements agressifs.<\/em><\/strong><\/span><\/p>\n<p class=\"p1\">Acier inoxydable de haute qualit\u00e9, id\u00e9al pour les zones c\u00f4ti\u00e8res ou les environnements agressifs.<\/p>\n<p>La d\u00e9couverte de l&rsquo;acier inoxydable est attribu\u00e9e aux Anglais John T. Woods et John Clark qui, en 1872, ont brevet\u00e9 un alliage m\u00e9tallique contenant 35% de chrome en poids et r\u00e9sistant aux acides.<\/p>\n<\/div><\/div><\/div><\/div><\/div><div class=\"vc_col-sm-6 wpb_column vc_column_container\"><div class=\"vc_column-inner\"><div class=\"wpb_wrapper\"><div class=\"w-slider style_none fit_scaledown\"><div class=\"w-slider-h\"><div class=\"royalSlider\"><div class=\"rsContent\"><a class=\"rsImg\" data-rsw=\"1024\" data-rsh=\"579\" href=\"https:\/\/www.fangates.it\/wp-content\/uploads\/2022\/12\/03-320_prodotto.jpg\"><span data-alt=\"cancello fangates a ventaglio color panna con decorazioni incise\"><\/span><\/a><\/div><\/div><img src=\"https:\/\/www.fangates.it\/wp-content\/uploads\/2022\/12\/03-320_prodotto.jpg\" width=\"1024\" height=\"579\" alt=\"cancello fangates a ventaglio color panna con decorazioni incise\" loading=\"lazy\"><\/div><div class=\"w-slider-json\" onclick='return {&quot;loop&quot;:true,&quot;fadeInLoadedSlide&quot;:false,&quot;slidesSpacing&quot;:0,&quot;imageScalePadding&quot;:0,&quot;numImagesToPreload&quot;:2,&quot;arrowsNav&quot;:true,&quot;arrowsNavAutoHide&quot;:true,&quot;transitionType&quot;:&quot;move&quot;,&quot;transitionSpeed&quot;:900,&quot;block&quot;:{&quot;moveEffect&quot;:&quot;none&quot;,&quot;speed&quot;:300},&quot;controlNavigation&quot;:&quot;none&quot;,&quot;imageScaleMode&quot;:&quot;fit-if-smaller&quot;,&quot;autoScaleSlider&quot;:true,&quot;autoScaleSliderWidth&quot;:1024,&quot;autoScaleSliderHeight&quot;:579,&quot;fitInViewport&quot;:false}'><\/div><\/div><\/div><\/div><\/div><\/div><div class=\"w-separator size_large\"><\/div><\/div><\/div><\/div><\/div><\/div><\/section><section class=\"l-section wpb_row height_custom\"><div class=\"l-section-h i-cf\"><div class=\"g-cols vc_row via_flex valign_top type_default stacking_default\"><div class=\"vc_col-sm-12 wpb_column vc_column_container\"><div class=\"vc_column-inner\"><div class=\"wpb_wrapper\"><div class=\"g-cols wpb_row via_flex valign_top type_default stacking_default\"><div class=\"vc_col-sm-12 wpb_column vc_column_container\"><div class=\"vc_column-inner\"><div class=\"wpb_wrapper\"><div class=\"wpb_text_column\"><div class=\"wpb_wrapper\"><h2><span style=\"color: #f0b865;\">Personnalisations esth\u00e9tiques<br \/>\n<\/span><\/h2>\n<\/div><\/div><div class=\"wpb_text_column\"><div class=\"wpb_wrapper\"><p class=\"p1\">Fangates\u00ae permet l&rsquo;insertion de <b>panneaux d\u00e9coratifs<\/b>, de formes variables et de solutions int\u00e9gr\u00e9es pour obtenir un r\u00e9sultat unique et coh\u00e9rent avec l&rsquo;architecture du b\u00e2timent.<\/p>\n<\/div><\/div><\/div><\/div><\/div><\/div><div class=\"w-separator size_medium\"><\/div><div class=\"g-cols wpb_row via_flex valign_top type_default stacking_default\"><div class=\"vc_col-sm-12 wpb_column vc_column_container\"><div class=\"vc_column-inner\"><div class=\"wpb_wrapper\">[vc_media_grid style=\u00a0\u00bbpagination\u00a0\u00bb items_per_page=\u00a0\u00bb6&Prime; element_width=\u00a0\u00bb2&Prime; arrows_design=\u00a0\u00bbvc_arrow-icon-arrow_01_left\u00a0\u00bb arrows_position=\u00a0\u00bboutside\u00a0\u00bb arrows_color=\u00a0\u00bbwhite\u00a0\u00bb paging_design=\u00a0\u00bbnone\u00a0\u00bb loop=\u00a0\u00bbyes\u00a0\u00bb item=\u00a0\u00bbmediaGrid_ScaleWithRotation\u00a0\u00bb grid_id=\u00a0\u00bbvc_gid:1776931382945-f5591d75-b421-1&Prime; include=\u00a0\u00bb9301,9299,9297,9295,9293,9291,9289,9287,9285,9283,9281,9279,9269,9267,9265,9263,10030,10033&Prime; paging_animation_in=\u00a0\u00bbnone\u00a0\u00bb]<\/div><\/div><\/div><\/div><div class=\"w-separator size_small with_line width_default thick_1 style_solid color_border align_center\"><div class=\"w-separator-h\"><\/div><\/div><div class=\"wpb_text_column us_custom_46322f9d\"><div class=\"wpb_wrapper\"><p style=\"text-align: right;\"><strong><em>ceci n&rsquo;est qu&rsquo;une s\u00e9lection partielle des personnalisations r\u00e9alisables.<\/em><\/strong><\/p>\n<\/div><\/div><div class=\"w-separator size_large\"><\/div><\/div><\/div><\/div><\/div><\/div><\/section><section class=\"l-section wpb_row height_custom color_alternate\"><div class=\"l-section-h i-cf\"><div class=\"g-cols vc_row via_flex valign_top type_default stacking_default\"><div class=\"vc_col-sm-12 wpb_column vc_column_container\"><div class=\"vc_column-inner\"><div class=\"wpb_wrapper\"><div class=\"g-cols wpb_row via_flex valign_top type_default stacking_default\"><div class=\"vc_col-sm-12 wpb_column vc_column_container\"><div class=\"vc_column-inner\"><div class=\"wpb_wrapper\"><div class=\"wpb_text_column\"><div class=\"wpb_wrapper\"><h2><span style=\"color: #f0b865;\">Accessoires disponibles<\/span><\/h2>\n<\/div><\/div><\/div><\/div><\/div><\/div><div class=\"w-separator size_medium\"><\/div><div class=\"wpb_text_column\"><div class=\"wpb_wrapper\"><h3><span style=\"color: #f0b865;\"><strong>PORTAIL PI\u00c9TON<\/strong><\/span><\/h3>\n<\/div><\/div><div class=\"wpb_text_column us_custom_dccdc381\"><div class=\"wpb_wrapper\"><p><strong><em>Le portail pi\u00e9ton est r\u00e9alis\u00e9 en coordination avec le Fangate. Con\u00e7u pour devenir partie int\u00e9grante de la structure principale.<br \/>\n<\/em><\/strong><\/p>\n<\/div><\/div><div class=\"w-separator size_small\"><\/div><div class=\"g-cols wpb_row via_flex valign_middle type_default stacking_default\"><div class=\"vc_col-sm-6 wpb_column vc_column_container\"><div class=\"vc_column-inner\"><div class=\"wpb_wrapper\"><div class=\"w-image align_none\"><div class=\"w-image-h\"><img width=\"811\" height=\"760\" src=\"https:\/\/www.fangates.it\/wp-content\/uploads\/2022\/12\/cancello-accessori.png\" class=\"attachment-full size-full\" alt=\"disegno tecnico cancellino e accessori fangates\" loading=\"lazy\" srcset=\"https:\/\/www.fangates.it\/wp-content\/uploads\/2022\/12\/cancello-accessori.png 811w, https:\/\/www.fangates.it\/wp-content\/uploads\/2022\/12\/cancello-accessori-300x281.png 300w\" sizes=\"(max-width: 811px) 100vw, 811px\" \/><\/div><\/div><div class=\"w-separator size_small\"><\/div><\/div><\/div><\/div><div class=\"vc_col-sm-6 wpb_column vc_column_container\"><div class=\"vc_column-inner\"><div class=\"wpb_wrapper\"><div class=\"w-image us_custom_f13c7cac align_none\"><div class=\"w-image-h\"><img width=\"553\" height=\"414\" src=\"https:\/\/www.fangates.it\/wp-content\/uploads\/2022\/12\/cancello-pedonale.jpg\" class=\"attachment-full size-full\" alt=\"ingrandimento cancellino e accessori fangates\" loading=\"lazy\" srcset=\"https:\/\/www.fangates.it\/wp-content\/uploads\/2022\/12\/cancello-pedonale.jpg 553w, https:\/\/www.fangates.it\/wp-content\/uploads\/2022\/12\/cancello-pedonale-300x225.jpg 300w\" sizes=\"(max-width: 553px) 100vw, 553px\" \/><\/div><\/div><\/div><\/div><\/div><\/div><div class=\"w-separator size_huge with_line width_default thick_1 style_solid color_border align_center with_content\" id=\"uf3f\"><style>@media(max-width:1024px){ #uf3f{height:10vh!important}}@media(max-width:600px){ #uf3f{height:10vh!important}}<\/style><div class=\"w-separator-h\"><i class=\"fas fa-door-open\"><\/i><\/div><\/div><div class=\"g-cols wpb_row via_flex valign_top type_default stacking_default\"><div class=\"vc_col-sm-12 wpb_column vc_column_container\"><div class=\"vc_column-inner\"><div class=\"wpb_wrapper\"><div class=\"wpb_text_column\"><div class=\"wpb_wrapper\"><h3><span style=\"color: #f0b865;\"><strong>PANNEAU D&rsquo;ACCESSOIRES<\/strong><\/span><\/h3>\n<\/div><\/div><div class=\"wpb_text_column us_custom_dccdc381\"><div class=\"wpb_wrapper\"><p><strong><em>Con\u00e7u pour disposer tous les accessoires dans la position id\u00e9ale\u00a0<\/em><\/strong><\/p>\n<\/div><\/div><div class=\"w-separator us_custom_1f257949 size_small\"><\/div><\/div><\/div><\/div><\/div><div class=\"g-cols wpb_row via_flex valign_middle type_default stacking_default\"><div class=\"vc_col-sm-6 wpb_column vc_column_container\"><div class=\"vc_column-inner\"><div class=\"wpb_wrapper\"><div class=\"w-image align_none\"><div class=\"w-image-h\"><img width=\"700\" height=\"437\" src=\"https:\/\/www.fangates.it\/wp-content\/uploads\/2022\/12\/accessori_fronte_retro.png\" class=\"attachment-full size-full\" alt=\"disegno fangates modello di cancello fronte e retro con meccanismi\" loading=\"lazy\" srcset=\"https:\/\/www.fangates.it\/wp-content\/uploads\/2022\/12\/accessori_fronte_retro.png 700w, https:\/\/www.fangates.it\/wp-content\/uploads\/2022\/12\/accessori_fronte_retro-300x187.png 300w\" sizes=\"(max-width: 700px) 100vw, 700px\" \/><\/div><\/div><\/div><\/div><\/div><div class=\"vc_col-sm-6 wpb_column vc_column_container\"><div class=\"vc_column-inner\"><div class=\"wpb_wrapper\"><div class=\"wpb_text_column us_custom_dccdc381\"><div class=\"wpb_wrapper\"><p>Le <span style=\"color: #f0b865;\"><strong>panneau<\/strong><\/span> est r\u00e9alis\u00e9 en coordination avec le Fangate et est con\u00e7u pour disposer tous les accessoires dans la position id\u00e9ale.<\/p>\n<p>La <span style=\"color: #f0b865;\"><strong>structure en caisson<\/strong><\/span> conf\u00e8re de la solidit\u00e9 et devient un compartiment utile pour cacher les c\u00e2bles ou les raccordements.<\/p>\n<p><span style=\"color: #f0b865;\">Fourni avec :<\/span><br \/>\n\u2756 Logement pour l&rsquo;interphone<br \/>\n\u2756 Logement pour le tableau de commande du Fangate<br \/>\n\u2756 Num\u00e9ro de rue personnalis\u00e9<br \/>\n\u2756 Bo\u00eete aux lettres int\u00e9gr\u00e9e<\/p>\n<p><span style=\"color: #f0b865;\">Dimensions :<\/span> Cm 30x200x10 (LxHxP)<\/p>\n<\/div><\/div><\/div><\/div><\/div><\/div><\/div><\/div><\/div><\/div><\/div><\/section>\n","protected":false},"excerpt":{"rendered":"Mod\u00e8les, mat\u00e9riaux et accessoires 5 Mod\u00e8les de r\u00e9f\u00e9rence Voici les mod\u00e8les de d\u00e9part : personnalisables en forme, dimension et finition MOD 280 Passage utile 2800 mm &#8211; Encombrement 3640 mm Poids total 470kg MOD 300 Passage utile 3000 mm &#8211; Encombrement 3840 mm Poids total 500kg MOD 320 Passage utile 3200 mm &#8211; Encombrement 4040...","protected":false},"author":1,"featured_media":0,"parent":0,"menu_order":0,"comment_status":"closed","ping_status":"closed","template":"","meta":{"om_disable_all_campaigns":false,"_monsterinsights_skip_tracking":false,"_monsterinsights_sitenote_active":false,"_monsterinsights_sitenote_note":"","_monsterinsights_sitenote_category":0},"aioseo_notices":[],"_links":{"self":[{"href":"https:\/\/www.fangates.it\/fr\/wp-json\/wp\/v2\/pages\/9506"}],"collection":[{"href":"https:\/\/www.fangates.it\/fr\/wp-json\/wp\/v2\/pages"}],"about":[{"href":"https:\/\/www.fangates.it\/fr\/wp-json\/wp\/v2\/types\/page"}],"author":[{"embeddable":true,"href":"https:\/\/www.fangates.it\/fr\/wp-json\/wp\/v2\/users\/1"}],"replies":[{"embeddable":true,"href":"https:\/\/www.fangates.it\/fr\/wp-json\/wp\/v2\/comments?post=9506"}],"version-history":[{"count":18,"href":"https:\/\/www.fangates.it\/fr\/wp-json\/wp\/v2\/pages\/9506\/revisions"}],"predecessor-version":[{"id":11359,"href":"https:\/\/www.fangates.it\/fr\/wp-json\/wp\/v2\/pages\/9506\/revisions\/11359"}],"wp:attachment":[{"href":"https:\/\/www.fangates.it\/fr\/wp-json\/wp\/v2\/media?parent=9506"}],"curies":[{"name":"wp","href":"https:\/\/api.w.org\/{rel}","templated":true}]}}