{"id":9494,"date":"2022-10-11T16:30:06","date_gmt":"2022-10-11T16:30:06","guid":{"rendered":"http:\/\/www.fangates.it\/azienda\/"},"modified":"2026-04-14T15:16:04","modified_gmt":"2026-04-14T15:16:04","slug":"entreprise","status":"publish","type":"page","link":"https:\/\/www.fangates.it\/fr\/entreprise\/","title":{"rendered":"Entreprise"},"content":{"rendered":"<section class=\"l-section wpb_row height_custom color_primary with_img parallax_hor bgwidth_120\"><div class=\"l-section-img\" style=\"background-image: url(https:\/\/www.fangates.it\/wp-content\/uploads\/2022\/10\/slider.jpg);\" data-img-width=\"1881\" data-img-height=\"504\"><\/div><div class=\"l-section-overlay\" style=\"background:rgba(2,2,2,0.67)\"><\/div><div class=\"l-section-h i-cf\"><div class=\"g-cols vc_row via_flex valign_top type_default stacking_default\"><div class=\"vc_col-sm-12 wpb_column vc_column_container\"><div class=\"vc_column-inner\"><div class=\"wpb_wrapper\"><div class=\"wpb_text_column\"><div class=\"wpb_wrapper\"><h1 style=\"text-align: center;\">L&rsquo;ENTREPRISE FANGATES\u00ae<\/h1>\n<\/div><\/div><div class=\"wpb_text_column\"><div class=\"wpb_wrapper\"><h2 style=\"text-align: center;\">PORTAIL AVEC OUVERTURE EN \u00c8VENTAIL<\/h2>\n<\/div><\/div><div class=\"w-separator size_small\"><\/div><div class=\"w-iconbox iconpos_top style_circle color_custom align_center no_title no_text\"><a href=\"#chi\" class=\"w-iconbox-link\" aria-label=\"far|chevron-down\"><div class=\"w-iconbox-icon\" style=\"font-size:1.5rem;background:var(--color-content-border);color:var(--color-content-heading);\"><i class=\"far fa-chevron-down\"><\/i><\/div><\/a><div class=\"w-iconbox-meta\"><\/div><\/div><div class=\"w-separator size_medium\"><\/div><\/div><\/div><\/div><\/div><\/div><\/section><section class=\"l-section wpb_row us_custom_125099ac height_auto color_primary type_sticky\"><div class=\"l-section-h i-cf\"><div class=\"g-cols vc_row via_flex valign_top type_default stacking_default\"><div class=\"vc_col-sm-12 wpb_column vc_column_container\"><div class=\"vc_column-inner\"><div class=\"wpb_wrapper\"><\/div><\/div><\/div><\/div><\/div><\/section><section class=\"l-section wpb_row us_custom_411287c0 height_custom color_alternate with_shape\" id=\"chi\"><div class=\"l-section-shape type_zigzag pos_bottom hor_flip\"><svg xmlns=\"http:\/\/www.w3.org\/2000\/svg\" viewBox=\"0 0 64 8\" preserveAspectRatio=\"none\" width=\"100%\" height=\"100%\">\r\n\t<path fill=\"currentColor\" d=\"M64 8 L0 8 L0 0 L20 7.9 L40 3 L48 5 L64 0 Z\"\/>\r\n<\/svg><\/div><div class=\"l-section-h i-cf\"><div class=\"g-cols vc_row via_flex valign_top type_default stacking_default\"><div class=\"vc_col-sm-12 wpb_column vc_column_container\"><div class=\"vc_column-inner\"><div class=\"wpb_wrapper\"><div class=\"wpb_text_column\"><div class=\"wpb_wrapper\"><h3 style=\"text-align: center;\"><span style=\"color: #f2ba66;\">FANGATES\u00ae<\/span><br \/>\nFonctionnalit\u00e9, innovation et design<\/h3>\n<\/div><\/div><div class=\"w-separator size_large\"><\/div><div class=\"g-cols wpb_row via_flex valign_top type_default stacking_default\"><div class=\"vc_col-sm-6 wpb_column vc_column_container\"><div class=\"vc_column-inner\"><div class=\"wpb_wrapper\"><div class=\"wpb_text_column\"><div class=\"wpb_wrapper\"><p style=\"text-align: left;\">Le Portail Ventaglio a \u00e9t\u00e9 cr\u00e9\u00e9 en 1996. Il est le fruit d\u2019une id\u00e9e de Nello Trinciarelli en vue d\u2019offrir \u00e0 tous ceux qui ont des probl\u00e8mes de plans inclin\u00e9s ou d\u2019espaces r\u00e9duits une solution fonctionnelle et \u00e0 fort impact pour leur portail.<br \/>\nLe premier projet est rest\u00e9 dans le tiroir de l&rsquo;inventeur jusqu&rsquo;en 2012 o\u00f9 il a \u00e9t\u00e9 d\u00e9cid\u00e9 de cr\u00e9er le premier prototype et, par la m\u00eame occasion, d&rsquo;obtenir le premier brevet d&rsquo;invention.<\/p>\n<p style=\"text-align: left;\">Le produit sera alors renomm\u00e9 avec le nom de FANGATE et le m\u00eame nom sera alors enregistr\u00e9 en tant que marque pour repr\u00e9senter la nouvelle marque.<\/p>\n<\/div><\/div><\/div><\/div><\/div><div class=\"vc_col-sm-6 wpb_column vc_column_container\"><div class=\"vc_column-inner\"><div class=\"wpb_wrapper\"><div class=\"wpb_text_column\"><div class=\"wpb_wrapper\"><p style=\"text-align: left;\">La participation \u00e0 certaines expositions a imm\u00e9diatement suscit\u00e9 des r\u00e9actions positives et en 2013, la premi\u00e8re porte des fans a \u00e9t\u00e9 cr\u00e9\u00e9e en tant que produit destin\u00e9 au client final.<\/p>\n<p style=\"text-align: left;\">Le \u00ab\u00a0TN di Nello Trinciarelli\u00a0\u00bb est engag\u00e9 dans la conception et la vente de ce nouveau produit. Les premiers partenariats avec des d\u00e9taillants dans de nombreux pays europ\u00e9ens ont commenc\u00e9 en 2018 et en 2022, l&rsquo;entreprise est devenue TN di Trinciarelli Srl.<br \/>\nL&rsquo;objectif pour l&rsquo;avenir est de poursuivre le d\u00e9veloppement du march\u00e9 \u00e9tranger, d\u00e9bouch\u00e9 normal d&rsquo;un produit aussi innovant.<\/p>\n<\/div><\/div><\/div><\/div><\/div><\/div><\/div><\/div><\/div><\/div><\/div><\/section><section class=\"l-section wpb_row height_custom\" id=\"storia\"><div class=\"l-section-h i-cf\"><div class=\"g-cols vc_row via_flex valign_top type_default stacking_default\"><div class=\"vc_col-sm-12 wpb_column vc_column_container\"><div class=\"vc_column-inner\"><div class=\"wpb_wrapper\"><div class=\"w-tabs layout_hor style_timeline switch_hover has_scrolling\" style=\"--sections-title-size:1.2rem\"><div class=\"w-tabs-list items_5 align_justify\" style=\"font-family:var(--font-h1);font-weight:600;\"><div class=\"w-tabs-list-h\"><button class=\"w-tabs-item active defined-active\" aria-controls=\"content-p360\" aria-expanded=\"true\"><span class=\"w-tabs-item-title\">1996<\/span><\/button><button class=\"w-tabs-item\" aria-controls=\"content-j4fa\" aria-expanded=\"false\"><span class=\"w-tabs-item-title\">2012<\/span><\/button><button class=\"w-tabs-item\" aria-controls=\"content-b5bb\" aria-expanded=\"false\"><span class=\"w-tabs-item-title\">2013<\/span><\/button><button class=\"w-tabs-item\" aria-controls=\"content-v750\" aria-expanded=\"false\"><span class=\"w-tabs-item-title\">2017<\/span><\/button><button class=\"w-tabs-item\" aria-controls=\"content-s80c\" aria-expanded=\"false\"><span class=\"w-tabs-item-title\">OGGI<\/span><\/button><\/div><\/div><div class=\"w-tabs-sections titles-align_none icon_chevron cpos_right\"><div class=\"w-tabs-section active\" id=\"p360\"><button class=\"w-tabs-section-header active\" aria-controls=\"content-p360\" aria-expanded=\"true\"><div class=\"w-tabs-section-title\">1996<\/div><div class=\"w-tabs-section-control\"><\/div><\/button><div  class=\"w-tabs-section-content\" id=\"content-p360\"><div class=\"w-tabs-section-content-h i-cf\"><div class=\"g-cols wpb_row via_flex valign_top type_default stacking_default\" style=\"--additional-gap:30;\"><div class=\"vc_col-sm-12 wpb_column vc_column_container\"><div class=\"vc_column-inner\"><div class=\"wpb_wrapper\"><div class=\"wpb_text_column\"><div class=\"wpb_wrapper\"><h2><span style=\"color: #f2ba66;\">1996<\/span>. Nos d\u00e9buts<\/h2>\n<p>Artisan et inventeur aux mille projets, <strong>Nello Trinciarelli<\/strong> d\u00e9cide de mettre sur papier l\u2019id\u00e9e du portail avec ouverture en \u00e9ventail, en concevant le premier mod\u00e8le<\/p>\n<\/div><\/div><\/div><\/div><\/div><\/div><\/div><\/div><\/div><div class=\"w-tabs-section\" id=\"j4fa\"><button class=\"w-tabs-section-header\" aria-controls=\"content-j4fa\" aria-expanded=\"false\"><div class=\"w-tabs-section-title\">2012<\/div><div class=\"w-tabs-section-control\"><\/div><\/button><div  class=\"w-tabs-section-content\" id=\"content-j4fa\"><div class=\"w-tabs-section-content-h i-cf\"><div class=\"g-cols wpb_row via_flex valign_top type_default stacking_default\"><div class=\"vc_col-sm-12 wpb_column vc_column_container\"><div class=\"vc_column-inner\"><div class=\"wpb_wrapper\"><div class=\"wpb_text_column\"><div class=\"wpb_wrapper\"><h2><span style=\"color: #f2ba66;\">2012<\/span>. Les premi\u00e8res r\u00e9alisations<\/h2>\n<p>Le premier prototype est construit. Gr\u00e2ce \u00e0 la collaboration d\u00e9velopp\u00e9e avec le projet \u00ab\u00a0Repenser le Produit\u00a0\u00bb de la Chambre de Commerce de Pise, la premi\u00e8re exposition a lieu \u00e0 100% Design \u00e0 Londres, puis \u00e0 la Foire de Milan et \u00e0 l&rsquo;Exposition des Artisans de Florence ; d&rsquo;autres expositions diss\u00e9min\u00e9es dans tout le pays ont suivi<\/p>\n<\/div><\/div><\/div><\/div><\/div><\/div><\/div><\/div><\/div><div class=\"w-tabs-section\" id=\"b5bb\"><button class=\"w-tabs-section-header\" aria-controls=\"content-b5bb\" aria-expanded=\"false\"><div class=\"w-tabs-section-title\">2013<\/div><div class=\"w-tabs-section-control\"><\/div><\/button><div  class=\"w-tabs-section-content\" id=\"content-b5bb\"><div class=\"w-tabs-section-content-h i-cf\"><div class=\"wpb_text_column\"><div class=\"wpb_wrapper\"><h2><span style=\"color: #f2ba66;\">2013<\/span>. La d\u00e9finition du produit<\/h2>\n<p>En 2013, le premier portail Ventaglio a \u00e9t\u00e9 cr\u00e9\u00e9 en tant que produit artisanal destin\u00e9 au client final\u00a0; la production de ces mod\u00e8les s&rsquo;accompagne de recherche et d\u00e9veloppement<\/p>\n<\/div><\/div><\/div><\/div><\/div><div class=\"w-tabs-section\" id=\"v750\"><button class=\"w-tabs-section-header\" aria-controls=\"content-v750\" aria-expanded=\"false\"><div class=\"w-tabs-section-title\">2017<\/div><div class=\"w-tabs-section-control\"><\/div><\/button><div  class=\"w-tabs-section-content\" id=\"content-v750\"><div class=\"w-tabs-section-content-h i-cf\"><div class=\"g-cols wpb_row via_flex valign_top type_default stacking_default\"><div class=\"vc_col-sm-12 wpb_column vc_column_container\"><div class=\"vc_column-inner\"><div class=\"wpb_wrapper\"><div class=\"wpb_text_column\"><div class=\"wpb_wrapper\"><h2><span style=\"color: #f2ba66;\">2017<\/span>. d\u00e9but de la production artisanale<\/h2>\n<p>Depuis 2017, le portail en \u00e9ventail fait l&rsquo;objet de nouvelles mises \u00e0 jour avec la poursuite de la production artisanale.<\/p>\n<\/div><\/div><\/div><\/div><\/div><\/div><\/div><\/div><\/div><div class=\"w-tabs-section\" id=\"s80c\"><button class=\"w-tabs-section-header\" aria-controls=\"content-s80c\" aria-expanded=\"false\"><div class=\"w-tabs-section-title\">OGGI<\/div><div class=\"w-tabs-section-control\"><\/div><\/button><div  class=\"w-tabs-section-content\" id=\"content-s80c\"><div class=\"w-tabs-section-content-h i-cf\"><div class=\"wpb_text_column\"><div class=\"wpb_wrapper\"><h2><span style=\"color: #f2ba66;\">OGGI<\/span>. Notre r\u00e9seau commercial s&rsquo;agrandit !<\/h2>\n<p>Gr\u00e2ce \u00e0 nos partenaires, nous pouvons installer des portails FANGATES dans plusieurs pays, dont l&rsquo;Allemagne, l&rsquo;Autriche, la France, la Roumanie, le Royaume-Uni, l&rsquo;Australie, la Cor\u00e9e du Sud, la Hollande et la Serbie<\/p>\n<\/div><\/div><\/div><\/div><\/div><\/div><\/div><div class=\"w-separator size_small with_line width_default thick_1 style_solid color_border align_center\"><div class=\"w-separator-h\"><\/div><\/div><\/div><\/div><\/div><\/div><\/div><\/section><section class=\"l-section wpb_row us_custom_154831c2 height_auto\"><div class=\"l-section-h i-cf\"><div class=\"g-cols vc_row via_flex valign_top type_default stacking_default\"><div class=\"vc_col-sm-6 wpb_column vc_column_container\"><div class=\"vc_column-inner\"><div class=\"wpb_wrapper\"><div class=\"w-image align_none\"><div class=\"w-image-h\"><img width=\"808\" height=\"1024\" src=\"https:\/\/www.fangates.it\/wp-content\/uploads\/2022\/11\/segnaposto_01-808x1024.jpg\" class=\"attachment-large size-large\" alt=\"collage di foto di cancelli\" loading=\"lazy\" srcset=\"https:\/\/www.fangates.it\/wp-content\/uploads\/2022\/11\/segnaposto_01-808x1024.jpg 808w, https:\/\/www.fangates.it\/wp-content\/uploads\/2022\/11\/segnaposto_01-237x300.jpg 237w, https:\/\/www.fangates.it\/wp-content\/uploads\/2022\/11\/segnaposto_01.jpg 1026w\" sizes=\"(max-width: 808px) 100vw, 808px\" \/><\/div><\/div><\/div><\/div><\/div><div class=\"vc_col-sm-6 wpb_column vc_column_container\"><div class=\"vc_column-inner\"><div class=\"wpb_wrapper\"><div class=\"wpb_text_column us_custom_9a5e99e9\"><div class=\"wpb_wrapper\"><h3><span style=\"color: #f2ba66;\">FANGATES\u00ae<\/span><br \/>\nArtisans depuis 1937<\/h3>\n<\/div><\/div><div class=\"wpb_text_column\"><div class=\"wpb_wrapper\"><p>L&rsquo;entreprise est n\u00e9e en 1937 sous le nom de son fondateur \u00ab\u00a0Amelio Trinciarelli Fabbro Ferraio\u00a0\u00bb. Comme beaucoup d&rsquo;artisans de ces ann\u00e9es, il travaille dans les locaux de sa propre maison en exer\u00e7ant l&rsquo;activit\u00e9 de forgeron et de mar\u00e9chal-ferrant.<\/p>\n<p>Entre 1957 et 1958, l&rsquo;entreprise a d\u00e9m\u00e9nag\u00e9 dans de nouveaux locaux et Amelio a pu acheter de nouveaux \u00e9quipements pour r\u00e9pondre aux nouvelles demandes. Le d\u00e9veloppement de la nouvelle activit\u00e9 conduira en 1983 \u00e0 la construction d&rsquo;un si\u00e8ge encore plus grand, qui est aujourd&rsquo;hui le si\u00e8ge de la Soci\u00e9t\u00e9.<\/p>\n<p>La nouvelle entreprise TN de Nello Trinciarelli est n\u00e9e en 1996 dans le but d&rsquo;\u00eatre un atelier artisanal produisant des objets en fer forg\u00e9 ; la gamme de produits comprend des portails, des cl\u00f4tures, des balustrades et de nombreux autres articles pour les meubles d&rsquo;int\u00e9rieur et d&rsquo;ext\u00e9rieur ou de jardin.<\/p>\n<p>D\u00e8s le d\u00e9but, le \u00ab\u00a0TN di Nello Trinciarelli\u00a0\u00bb combine l&rsquo;artisanat avec l&rsquo;activit\u00e9 de conception et de d\u00e9veloppement; depuis 2001, le premier logiciel graphique 3D est utilis\u00e9 pour l&rsquo;\u00e9tude du design et pour la reproduction graphique d\u00e9taill\u00e9e du produit.<br \/>\nEn 2022, l&rsquo;entreprise est devenue le TN de Trinciarelli Srl, poursuivant ainsi son histoire d&rsquo;artisanat, de d\u00e9veloppement et d&rsquo;innovation.<\/p>\n<\/div><\/div><\/div><\/div><\/div><\/div><\/div><\/section><section class=\"l-section wpb_row height_custom color_alternate\" id=\"team\"><div class=\"l-section-h i-cf\"><div class=\"g-cols vc_row via_flex valign_top type_default stacking_default\"><div class=\"vc_col-sm-12 wpb_column vc_column_container\"><div class=\"vc_column-inner\"><div class=\"wpb_wrapper\"><div class=\"wpb_text_column\"><div class=\"wpb_wrapper\"><h2 style=\"text-align: center;\">l&rsquo;\u00c9quipe Dirigeante<\/h2>\n<\/div><\/div><div class=\"w-separator size_medium\"><\/div><div class=\"g-cols wpb_row via_flex valign_top type_default stacking_default\" style=\"--additional-gap:30;\"><div class=\"vc_col-sm-6 wpb_column vc_column_container\"><div class=\"vc_column-inner\"><div class=\"wpb_wrapper\"><div class=\"w-person layout_cards with_desc\" itemscope itemtype=\"https:\/\/schema.org\/Person\"><div class=\"w-person-image\"><img width=\"500\" height=\"500\" src=\"https:\/\/www.fangates.it\/wp-content\/uploads\/2022\/11\/trinciarelli_team-500x500-1.jpg\" class=\"attachment-full size-full\" alt=\"trinciarelli_team\" loading=\"lazy\" srcset=\"https:\/\/www.fangates.it\/wp-content\/uploads\/2022\/11\/trinciarelli_team-500x500-1.jpg 500w, https:\/\/www.fangates.it\/wp-content\/uploads\/2022\/11\/trinciarelli_team-500x500-1-300x300.jpg 300w, https:\/\/www.fangates.it\/wp-content\/uploads\/2022\/11\/trinciarelli_team-500x500-1-150x150.jpg 150w\" sizes=\"(max-width: 500px) 100vw, 500px\" \/><div class=\"img_hover\" style=\"background-image:url(https:\/\/www.fangates.it\/wp-content\/uploads\/2022\/11\/trinciarelli_team-500x500-nello.jpg)\"><\/div><\/div><div class=\"w-person-content\"><h4 itemprop=\"name\" class=\"w-person-name\"><span>Nello Trinciarelli<\/span><\/h4><div class=\"w-person-role\" itemprop=\"jobTitle\">Fondateur<\/div><div class=\"w-person-description\" itemprop=\"description\"><p>Fort de vingt ans d\u2019exp\u00e9rience dans le secteur de la m\u00e9canique, il d\u00e9cide de reprendre en main le m\u00e9tier artisanal de son p\u00e8re, ouvrant une soci\u00e9t\u00e9 de conception et production d\u2019ouvrages en fer forg\u00e9. De l\u2019union des connaissances techniques, des mat\u00e9riaux et des exigences du march\u00e9 prend forme l\u2019id\u00e9e du portail avec ouverture en \u00c9ventail.<\/p>\n<\/div><\/div><\/div><\/div><\/div><\/div><div class=\"vc_col-sm-6 wpb_column vc_column_container\"><div class=\"vc_column-inner\"><div class=\"wpb_wrapper\"><div class=\"w-person layout_cards with_desc\" itemscope itemtype=\"https:\/\/schema.org\/Person\"><div class=\"w-person-image\"><img width=\"500\" height=\"500\" src=\"https:\/\/www.fangates.it\/wp-content\/uploads\/2022\/11\/trinciarelli_team-500x500-1.jpg\" class=\"attachment-full size-full\" alt=\"trinciarelli_team\" loading=\"lazy\" srcset=\"https:\/\/www.fangates.it\/wp-content\/uploads\/2022\/11\/trinciarelli_team-500x500-1.jpg 500w, https:\/\/www.fangates.it\/wp-content\/uploads\/2022\/11\/trinciarelli_team-500x500-1-300x300.jpg 300w, https:\/\/www.fangates.it\/wp-content\/uploads\/2022\/11\/trinciarelli_team-500x500-1-150x150.jpg 150w\" sizes=\"(max-width: 500px) 100vw, 500px\" \/><div class=\"img_hover\" style=\"background-image:url(https:\/\/www.fangates.it\/wp-content\/uploads\/2022\/11\/trinciarelli_team-500x500-valentino.jpg)\"><\/div><\/div><div class=\"w-person-content\"><h4 itemprop=\"name\" class=\"w-person-name\"><span>Valentino Trinciarelli<\/span><\/h4><div class=\"w-person-role\" itemprop=\"jobTitle\">Administrateur<\/div><div class=\"w-person-description\" itemprop=\"description\"><p>Une fois ses \u00e9tudes techniques dans le domaine du b\u00e2timent termin\u00e9es, il passe les premi\u00e8res ann\u00e9es de sa carri\u00e8re en travaillant dans des cabinets professionnels.<\/p>\n<p>En 2006, il commence \u00e0 collaborer avec son p\u00e8re aupr\u00e8s de la soci\u00e9t\u00e9 TN di Nello Trinciarelli.<\/p>\n<\/div><\/div><\/div><\/div><\/div><\/div><\/div><\/div><\/div><\/div><\/div><\/div><\/section><section class=\"l-section wpb_row height_custom with_shape\"><div class=\"l-section-overlay\" style=\"background:#2c8073\"><\/div><div class=\"l-section-shape type_wave pos_top\" style=\"height:10vh;color:var(--color-content-bg-alt)\"><svg xmlns=\"http:\/\/www.w3.org\/2000\/svg\" viewBox=\"0 4 64 4\" preserveAspectRatio=\"none\" width=\"100%\" height=\"100%\">\r\n\t<path fill=\"currentColor\" d=\"M64 6 C32 0 32 12 0 6 L0 8 L64 8 Z\"\/>\r\n<\/svg><\/div><div class=\"l-section-h i-cf\"><div class=\"g-cols vc_row via_flex valign_middle type_default stacking_default\"><div class=\"vc_col-sm-6 wpb_column vc_column_container\"><div class=\"vc_column-inner\"><div class=\"wpb_wrapper\"><div class=\"w-image us_custom_ffa120da align_none\"><div class=\"w-image-h\"><img width=\"520\" height=\"520\" src=\"https:\/\/www.fangates.it\/wp-content\/uploads\/2022\/12\/fangates-green.jpg\" class=\"attachment-full size-full\" alt=\"mappa mondo con met\u00e0 superiore con grattacieli case alberi e pale eoliche\" loading=\"lazy\" srcset=\"https:\/\/www.fangates.it\/wp-content\/uploads\/2022\/12\/fangates-green.jpg 520w, https:\/\/www.fangates.it\/wp-content\/uploads\/2022\/12\/fangates-green-300x300.jpg 300w, https:\/\/www.fangates.it\/wp-content\/uploads\/2022\/12\/fangates-green-150x150.jpg 150w\" sizes=\"(max-width: 520px) 100vw, 520px\" \/><\/div><\/div><\/div><\/div><\/div><div class=\"vc_col-sm-6 wpb_column vc_column_container\"><div class=\"vc_column-inner\"><div class=\"wpb_wrapper\"><h2 class=\"w-text icon_atleft\"><span class=\"w-text-h\"><i class=\"fal fa-seedling\"><\/i><span class=\"w-text-value\">un d\u00e9veloppement durable<\/span><\/span><\/h2><div class=\"w-separator size_small\"><\/div><div class=\"wpb_text_column us_custom_2f58e7cb has_text_color\"><div class=\"wpb_wrapper\"><p><strong>Fangates\u00ae<\/strong> garantit une haute qualit\u00e9, avec des solutions de plus en plus \u00e9cologiques.<br \/>\nConscients et sensibles \u00e0 la crise environnementale, nous nous sommes fix\u00e9 comme objectif de minimiser notre impact sur la plan\u00e8te avec des choix \u00e9cologiques et responsables.<\/p>\n<p>Gr\u00e2ce \u00e0 l&rsquo;installation de panneaux photovolta\u00efques en 2008, les machines de notre atelier sont coaliment\u00e9es en \u00e9nergie renouvelable.<\/p>\n<p><strong>Fangates\u00ae parie sur l&rsquo;\u00e9nergie propre avec la conscience que l&rsquo;avenir se cr\u00e9e dans le pr\u00e9sent.<\/strong><\/p>\n<\/div><\/div><\/div><\/div><\/div><\/div><\/div><\/section>\n","protected":false},"excerpt":{"rendered":"L&rsquo;ENTREPRISE FANGATES\u00ae PORTAIL AVEC OUVERTURE EN \u00c8VENTAIL FANGATES\u00ae Fonctionnalit\u00e9, innovation et design Le Portail Ventaglio a \u00e9t\u00e9 cr\u00e9\u00e9 en 1996. Il est le fruit d\u2019une id\u00e9e de Nello Trinciarelli en vue d\u2019offrir \u00e0 tous ceux qui ont des probl\u00e8mes de plans inclin\u00e9s ou d\u2019espaces r\u00e9duits une solution fonctionnelle et \u00e0 fort impact pour leur portail....","protected":false},"author":1,"featured_media":0,"parent":0,"menu_order":0,"comment_status":"closed","ping_status":"closed","template":"","meta":{"om_disable_all_campaigns":false,"_monsterinsights_skip_tracking":false,"_monsterinsights_sitenote_active":false,"_monsterinsights_sitenote_note":"","_monsterinsights_sitenote_category":0},"aioseo_notices":[],"_links":{"self":[{"href":"https:\/\/www.fangates.it\/fr\/wp-json\/wp\/v2\/pages\/9494"}],"collection":[{"href":"https:\/\/www.fangates.it\/fr\/wp-json\/wp\/v2\/pages"}],"about":[{"href":"https:\/\/www.fangates.it\/fr\/wp-json\/wp\/v2\/types\/page"}],"author":[{"embeddable":true,"href":"https:\/\/www.fangates.it\/fr\/wp-json\/wp\/v2\/users\/1"}],"replies":[{"embeddable":true,"href":"https:\/\/www.fangates.it\/fr\/wp-json\/wp\/v2\/comments?post=9494"}],"version-history":[{"count":11,"href":"https:\/\/www.fangates.it\/fr\/wp-json\/wp\/v2\/pages\/9494\/revisions"}],"predecessor-version":[{"id":11310,"href":"https:\/\/www.fangates.it\/fr\/wp-json\/wp\/v2\/pages\/9494\/revisions\/11310"}],"wp:attachment":[{"href":"https:\/\/www.fangates.it\/fr\/wp-json\/wp\/v2\/media?parent=9494"}],"curies":[{"name":"wp","href":"https:\/\/api.w.org\/{rel}","templated":true}]}}