{"id":11364,"date":"2026-04-01T13:52:49","date_gmt":"2026-04-01T13:52:49","guid":{"rendered":"https:\/\/www.fangates.it\/domande-frequenti\/"},"modified":"2026-05-12T09:20:47","modified_gmt":"2026-05-12T09:20:47","slug":"faq","status":"publish","type":"page","link":"https:\/\/www.fangates.it\/fr\/faq\/","title":{"rendered":"FAQ"},"content":{"rendered":"<section class=\"l-section wpb_row height_auto with_img with_shape\"><div class=\"l-section-img\" style=\"background-image: url(https:\/\/www.fangates.it\/wp-content\/uploads\/2026\/05\/80-320_header.webp);background-position: top center;background-repeat: no-repeat;\" data-img-width=\"2200\" data-img-height=\"1043\"><\/div><div class=\"l-section-shape type_triangle-2 pos_bottom\" style=\"height:5vh;\"><svg xmlns=\"http:\/\/www.w3.org\/2000\/svg\" viewBox=\"0 0 64 8\" preserveAspectRatio=\"none\" width=\"100%\" height=\"100%\">\r\n\t<path fill=\"currentColor\" d=\"M64 8 L0 8 L0 0 L48 7.9 L64 0 Z\"\/>\r\n<\/svg><\/div><div class=\"l-section-h i-cf\"><div class=\"g-cols vc_row via_flex valign_top type_default stacking_default\"><div class=\"vc_col-sm-12 wpb_column vc_column_container\"><div class=\"vc_column-inner\"><div class=\"wpb_wrapper\"><div class=\"w-separator size_custom\" style=\"height:35vh\" id=\"rb61\"><style>@media(max-width:600px){ #rb61{height:20vh!important}}<\/style><\/div><\/div><\/div><\/div><\/div><\/div><\/section><section class=\"l-section wpb_row height_custom\"><div class=\"l-section-h i-cf\"><div class=\"g-cols vc_row via_flex valign_top type_default stacking_default\"><div class=\"vc_col-sm-12 wpb_column vc_column_container\"><div class=\"vc_column-inner\"><div class=\"wpb_wrapper\"><div class=\"wpb_text_column\"><div class=\"wpb_wrapper\"><h2 style=\"text-align: center;\">Foire aux questions sur le portail en \u00e9ventail Fangates\u00ae<\/h2>\n<\/div><\/div><div class=\"w-separator size_huge\"><\/div>[vc_toggle title=\u00a0\u00bbPourquoi choisir un portail en \u00e9ventail Fangates?\u00a0\u00bb]Le portail en \u00e9ventail Fangates repr\u00e9sente une solution \u00e9volu\u00e9e par rapport aux portails traditionnels:<\/p>\n<ul>\n<li>id\u00e9al pour les entr\u00e9es en pente<\/li>\n<li>portail gain de place sans rail<\/li>\n<li>design architectural personnalisable<\/li>\n<\/ul>\n<p>C&rsquo;est le choix d\u00e9finitif pour ceux qui recherchent esth\u00e9tique et fonctionnalit\u00e9, un syst\u00e8me qui allie technologie, innovation et valeur architecturale.[\/vc_toggle][vc_toggle title=\u00a0\u00bbComment fonctionne un portail en \u00e9ventail Fangates?\u00a0\u00bb]Le portail en \u00e9ventail Fangates est un syst\u00e8me de portail automatique carrossable qui utilise un mouvement en \u00e9ventail innovant: les vantaux se replient \u00e0 l&rsquo;int\u00e9rieur des colonnes lat\u00e9rales. Cette solution permet de r\u00e9duire l&rsquo;encombrement et rend le portail id\u00e9al pour les entr\u00e9es r\u00e9sidentielles de design, m\u00eame dans des espaces restreints ou complexes.[\/vc_toggle][vc_toggle title=\u00a0\u00bbLe portail en \u00e9ventail Fangates est-il adapt\u00e9 aux installations en pente?\u00a0\u00bb]Oui. Le syst\u00e8me est adapt\u00e9 aux entr\u00e9es en pente et aux rampes importantes. L&rsquo;ouverture verticale permet l&rsquo;installation l\u00e0 o\u00f9 les portails battants ou coulissants traditionnels sont impraticables ou n\u00e9cessiteraient des compromis de conception.[\/vc_toggle][vc_toggle title=\u00a0\u00bbFaut-il beaucoup d&rsquo;espace pour installer un portail Fangates?\u00a0\u00bb]Non. Le syst\u00e8me est con\u00e7u comme un portail gain de place: les vantaux s&rsquo;int\u00e8grent compl\u00e8tement dans les colonnes, ce qui le rend id\u00e9al pour les acc\u00e8s \u00e9troits ou avec une zone de man\u0153uvre limit\u00e9e.[\/vc_toggle][vc_toggle title=\u00a0\u00bbLe portail automatique Fangates n\u00e9cessite-t-il un rail au sol?\u00a0\u00bb]Non. C&rsquo;est un portail sans rail au sol, une solution qui \u00e9limine les probl\u00e8mes li\u00e9s \u00e0 la salet\u00e9, au gel ou aux d\u00e9bris et am\u00e9liore la fiabilit\u00e9 et la continuit\u00e9 du fonctionnement.[\/vc_toggle][vc_toggle title=\u00a0\u00bbQuels travaux sont n\u00e9cessaires pour installer le portail?\u00a0\u00bb]L&rsquo;installation du portail automatique n\u00e9cessite:<\/p>\n<ul>\n<li>pr\u00e9paration des contre-plaques au sol<\/li>\n<li>raccordements \u00e9lectriques<\/li>\n<\/ul>\n<p>Aucun rail ou grand espace d&rsquo;ouverture n&rsquo;est n\u00e9cessaire, ce qui simplifie le projet architectural.[\/vc_toggle][vc_toggle title=\u00a0\u00bbLe portail Fangates n\u00e9cessite-t-il des piliers existants?\u00a0\u00bb]Non. Ce portail moderne est autoportant et s&rsquo;installe sur des contre-plaques au sol, sans n\u00e9cessiter de structures de ma\u00e7onnerie pr\u00e9existantes.[\/vc_toggle][vc_toggle title=\u00a0\u00bbQuelles sont les dimensions des piliers du portail?\u00a0\u00bb]Les piliers, qui int\u00e8grent le syst\u00e8me d&rsquo;automatisation du portail, ont une largeur de 42 cm et sont con\u00e7us pour garantir une esth\u00e9tique \u00e9pur\u00e9e et une int\u00e9gration architecturale.[\/vc_toggle][vc_toggle title=\u00a0\u00bbQuels coloris et finitions sont disponibles?\u00a0\u00bb]Le portail de design Fangates propose:<\/p>\n<ul>\n<li>coloris standards du nuancier personnalisations<\/li>\n<li>RAL avec finition gaufr\u00e9e mate<\/li>\n<\/ul>\n<p>Les personnalisations sont soumises \u00e0 approbation et \u00e0 des d\u00e9lais de fabrication suppl\u00e9mentaires.[\/vc_toggle][vc_toggle title=\u00a0\u00bbQuelle est la dimension maximale du portail?\u00a0\u00bb]Le mod\u00e8le Fangate 360 repr\u00e9sente l&rsquo;extension maximale du portail carrossable:<\/p>\n<ul>\n<li>largeur de passage: 3,60 m<\/li>\n<li>largeur totale: 4,44 m<\/li>\n<li>hauteur: 2 m<\/li>\n<\/ul>\n[\/vc_toggle][vc_toggle title=\u00a0\u00bbLe portail en \u00e9ventail est-il r\u00e9sistant au vent?\u00a0\u00bb]Oui. Le portail carrossable Fangates est test\u00e9 selon la norme UNI EN 12444:2002 et atteint la classe 3 de r\u00e9sistance au vent. Des finitions ajour\u00e9es sont \u00e9galement disponibles pour les projets architecturaux expos\u00e9s.[\/vc_toggle][vc_toggle title=\u00a0\u00bbLe portail fonctionne-t-il avec de la neige ou des temp\u00e9ratures extr\u00eames?\u00a0\u00bb]Les moteurs du portail en \u00e9ventail Fangates sont con\u00e7us pour fonctionner dans une plage allant de -20\u00b0C \u00e0 +55\u00b0C. En cas d&rsquo;accumulations importantes de glace ou de neige, un nettoyage pr\u00e9ventif est recommand\u00e9 pour garantir des performances fluides et fiables dans le temps.[\/vc_toggle][vc_toggle title=\u00a0\u00bbEst-il possible d&rsquo;installer le portail dans des zones maritimes?\u00a0\u00bb]Le portail Fangates est disponible dans des versions sp\u00e9cifiques pour les environnements agressifs:<\/p>\n<ul>\n<li>Acier inoxydable<\/li>\n<li>Acier corten<\/li>\n<\/ul>\n<p>Ces configurations sont id\u00e9ales pour les installations dans les zones c\u00f4ti\u00e8res ou en pr\u00e9sence d&#8217;embruns salins. Une installation est consid\u00e9r\u00e9e comme \u00e9tant en zone maritime lorsque la propri\u00e9t\u00e9 se situe \u00e0 moins de 5 km de la c\u00f4te, \u00e0 vol d&rsquo;oiseau.[\/vc_toggle][vc_toggle title=\u00a0\u00bbQuel entretien n\u00e9cessite un portail en \u00e9ventail?\u00a0\u00bb]Le syst\u00e8me d&rsquo;automatisation de portail Fangates n\u00e9cessite un entretien minimal. Pour un usage r\u00e9sidentiel, un contr\u00f4le annuel est recommand\u00e9, tandis que pour des utilisations intensives, il convient de programmer des v\u00e9rifications plus fr\u00e9quentes.[\/vc_toggle][vc_toggle title=\u00a0\u00bbQuelle garantie offre le portail Fangates?\u00a0\u00bb]Chaque portail Fangates est couvert par une garantie de 2 ans, confirmant la qualit\u00e9 de construction et la fiabilit\u00e9 du syst\u00e8me d&rsquo;automatisation.[\/vc_toggle][vc_toggle title=\u00a0\u00bbLe portail est-il adapt\u00e9 \u00e0 un usage r\u00e9sidentiel et commercial?\u00a0\u00bb]Oui. Le portail automatique carrossable Fangates est con\u00e7u pour des contextes r\u00e9sidentiels de haut de gamme, mais il peut \u00e9galement \u00eatre utilis\u00e9 dans un cadre commercial. Pour un usage intensif, un entretien programm\u00e9 est recommand\u00e9.[\/vc_toggle][vc_toggle title=\u00a0\u00bbLe portail est-il int\u00e9grable aux syst\u00e8mes domotiques?\u00a0\u00bb]Oui. Le syst\u00e8me est compatible avec les principales solutions de maison intelligente et d&rsquo;automatisation, permettant le contr\u00f4le \u00e0 distance.[\/vc_toggle][vc_toggle title=\u00a0\u00bbLe portail est-il \u00e9quip\u00e9 de syst\u00e8mes de s\u00e9curit\u00e9?\u00a0\u00bb]Oui. Le portail automatique Fangates comprend des barri\u00e8res \u00e0 capteurs infrarouges qui d\u00e9tectent les obstacles et interrompent imm\u00e9diatement le mouvement, conform\u00e9ment aux r\u00e9glementations europ\u00e9ennes.[\/vc_toggle][vc_toggle title=\u00a0\u00bbLe portail est-il s\u00e9curis\u00e9 contre les tentatives d&rsquo;effraction?\u00a0\u00bb]Oui. Le portail automatique Fangates comprend des barri\u00e8res \u00e0 capteurs infrarouges qui d\u00e9tectent les obstacles et interrompent imm\u00e9diatement le mouvement, conform\u00e9ment aux r\u00e9glementations europ\u00e9ennes.[\/vc_toggle][vc_toggle title=\u00a0\u00bbFangates offre-t-il une assistance technique?\u00a0\u00bb]Oui. Le service d&rsquo;assistance pour les portails automatiques est g\u00e9r\u00e9 par des revendeurs agr\u00e9\u00e9s et un support technique direct, y compris \u00e0 distance. Gr\u00e2ce au support technique \u00e0 distance, l&rsquo;\u00e9quipe Fangates peut accompagner directement l&rsquo;installateur du client, garantissant une intervention rapide, pr\u00e9cise et qualifi\u00e9e \u00e0 chaque \u00e9tape.[\/vc_toggle][vc_toggle title=\u00a0\u00bbQue faire si le portail ne fonctionne pas?\u00a0\u00bb]En cas d&rsquo;anomalie, il est recommand\u00e9 de contacter l&rsquo;installateur ou le revendeur. Le support technique Fangates accompagne le professionnel pour une r\u00e9solution rapide.[\/vc_toggle][vc_toggle title=\u00a0\u00bbLe support technique est-il disponible \u00e0 distance?\u00a0\u00bb]Oui. Nous proposons un conseil technique \u00e0 distance pour accompagner les installateurs partout dans le monde, y compris par assistance vid\u00e9o.[\/vc_toggle][vc_toggle title=\u00a0\u00bbEst-il possible d\u2019installer le portail soi-m\u00eame?\u00a0\u00bb]Non. L\u2019installation doit \u00eatre effectu\u00e9e par des professionnels qualifi\u00e9s pour garantir la s\u00e9curit\u00e9, les performances et le bon fonctionnement.[\/vc_toggle][vc_toggle title=\u00a0\u00bbQue se passe-t-il en cas de coupure de courant?\u00a0\u00bb]Le portail automatique est \u00e9quip\u00e9 d&rsquo;un syst\u00e8me de d\u00e9verrouillage manuel int\u00e9gr\u00e9, qui permet l&rsquo;ouverture du portail carrossable m\u00eame en l&rsquo;absence de courant.[\/vc_toggle]<\/div><\/div><\/div><\/div><\/div><\/section>\n","protected":false},"excerpt":{"rendered":"Foire aux questions sur le portail en \u00e9ventail Fangates\u00ae [vc_toggle title=\"Pourquoi choisir un portail en \u00e9ventail Fangates?\"]Le portail en \u00e9ventail Fangates repr\u00e9sente une solution \u00e9volu\u00e9e par rapport aux portails traditionnels: id\u00e9al pour les entr\u00e9es en pente portail gain de place sans rail design architectural personnalisable C'est le choix d\u00e9finitif pour ceux qui recherchent esth\u00e9tique et...","protected":false},"author":1,"featured_media":0,"parent":0,"menu_order":0,"comment_status":"closed","ping_status":"closed","template":"","meta":{"om_disable_all_campaigns":false,"_monsterinsights_skip_tracking":false,"_monsterinsights_sitenote_active":false,"_monsterinsights_sitenote_note":"","_monsterinsights_sitenote_category":0},"aioseo_notices":[],"_links":{"self":[{"href":"https:\/\/www.fangates.it\/fr\/wp-json\/wp\/v2\/pages\/11364"}],"collection":[{"href":"https:\/\/www.fangates.it\/fr\/wp-json\/wp\/v2\/pages"}],"about":[{"href":"https:\/\/www.fangates.it\/fr\/wp-json\/wp\/v2\/types\/page"}],"author":[{"embeddable":true,"href":"https:\/\/www.fangates.it\/fr\/wp-json\/wp\/v2\/users\/1"}],"replies":[{"embeddable":true,"href":"https:\/\/www.fangates.it\/fr\/wp-json\/wp\/v2\/comments?post=11364"}],"version-history":[{"count":5,"href":"https:\/\/www.fangates.it\/fr\/wp-json\/wp\/v2\/pages\/11364\/revisions"}],"predecessor-version":[{"id":11386,"href":"https:\/\/www.fangates.it\/fr\/wp-json\/wp\/v2\/pages\/11364\/revisions\/11386"}],"wp:attachment":[{"href":"https:\/\/www.fangates.it\/fr\/wp-json\/wp\/v2\/media?parent=11364"}],"curies":[{"name":"wp","href":"https:\/\/api.w.org\/{rel}","templated":true}]}}