{"id":11134,"date":"2025-12-09T09:40:27","date_gmt":"2025-12-09T09:40:27","guid":{"rendered":"https:\/\/www.fangates.it\/entreprise\/certificazioni\/"},"modified":"2026-03-25T09:13:43","modified_gmt":"2026-03-25T09:13:43","slug":"certificazioni","status":"publish","type":"page","link":"https:\/\/www.fangates.it\/fr\/certificazioni\/","title":{"rendered":"Certificazioni"},"content":{"rendered":"<section class=\"l-section wpb_row height_custom color_alternate\" id=\"salva_spazio\"><div class=\"l-section-h i-cf\"><div class=\"g-cols vc_row via_flex valign_top type_default stacking_default\"><div class=\"vc_col-sm-6 wpb_column vc_column_container\"><div class=\"vc_column-inner\"><div class=\"wpb_wrapper\"><div class=\"wpb_text_column us_custom_8d533ffa has_text_color\"><div class=\"wpb_wrapper\"><h2 data-start=\"849\" data-end=\"905\"><span style=\"color: #f0b865;\">Normes et directives<\/span> appliqu\u00e9es aux portails Fangates\u00ae<\/h2>\n<\/div><\/div>[vc_empty_space height=\u00a0\u00bb20px\u00a0\u00bb]<div class=\"wpb_text_column\"><div class=\"wpb_wrapper\"><p>Les <strong>portails Fangates\u00ae<\/strong> respectent les principales <strong>normes europ\u00e9ennes relatives \u00e0 la s\u00e9curit\u00e9<\/strong>, la conception et l&rsquo;installation des portails automatiques et manuels :<\/p>\n<\/div><\/div><div class=\"w-separator size_medium\"><\/div><div class=\"uavc-list-icon uavc-list-icon-wrapper ult-adjust-bottom-margin   \"><ul class=\"uavc-list\"><li><div class=\"uavc-list-content\" id=\"list-icon-wrap-3061\">\n<div class=\"uavc-list-icon  \" data-animation=\"\" data-animation-delay=\"03\" style=\"margin-right:20px;\"><div class=\"ult-just-icon-wrapper  \"><div class=\"align-icon\" style=\"text-align:center;\">\n<div class=\"aio-icon circle \"  style=\"color:#ccc4bc;background:#2e2925;font-size:18px;display:inline-block;\">\n\t<i class=\"Defaults-star\"><\/i>\n<\/div><\/div><\/div>\n<\/div><span  data-ultimate-target='#list-icon-wrap-3061 .uavc-list-desc'  data-responsive-json-new='{\"font-size\":\"\",\"line-height\":\"\"}'  class=\"uavc-list-desc ult-responsive\" style=\"color:#ccc4bc;\">\n<p data-start=\"1152\" data-end=\"1212\"><span style=\"color: #ccc4bc;\"><strong>EN 13241<\/strong> \u2014 Exigences de s\u00e9curit\u00e9 pour les portails destin\u00e9s \u00e0 un usage r\u00e9sidentiel, commercial et industriel.<\/span><\/p>\n<\/span><\/div><\/li><li><div class=\"uavc-list-content\" id=\"list-icon-wrap-6071\">\n<div class=\"uavc-list-icon  \" data-animation=\"\" data-animation-delay=\"03\" style=\"margin-right:20px;\"><div class=\"ult-just-icon-wrapper  \"><div class=\"align-icon\" style=\"text-align:center;\">\n<div class=\"aio-icon circle \"  style=\"color:#ccc4bc;background:#2e2925;font-size:18px;display:inline-block;\">\n\t<i class=\"Defaults-star\"><\/i>\n<\/div><\/div><\/div>\n<\/div><span  data-ultimate-target='#list-icon-wrap-6071 .uavc-list-desc'  data-responsive-json-new='{\"font-size\":\"\",\"line-height\":\"\"}'  class=\"uavc-list-desc ult-responsive\" style=\"color:#ccc4bc;\">\n<p data-start=\"1152\" data-end=\"1212\"><span style=\"color: #ccc4bc;\"><strong data-start=\"1152\" data-end=\"1164\">EN 12453<\/strong> \u2014 S\u00e9curit\u00e9 \u00e0 l&rsquo;utilisation des portails motoris\u00e9s<\/span><\/p>\n<\/span><\/div><\/li><li><div class=\"uavc-list-content\" id=\"list-icon-wrap-8665\">\n<div class=\"uavc-list-icon  \" data-animation=\"\" data-animation-delay=\"03\" style=\"margin-right:20px;\"><div class=\"ult-just-icon-wrapper  \"><div class=\"align-icon\" style=\"text-align:center;\">\n<div class=\"aio-icon circle \"  style=\"color:#ccc4bc;background:#2e2925;font-size:18px;display:inline-block;\">\n\t<i class=\"Defaults-star\"><\/i>\n<\/div><\/div><\/div>\n<\/div><span  data-ultimate-target='#list-icon-wrap-8665 .uavc-list-desc'  data-responsive-json-new='{\"font-size\":\"\",\"line-height\":\"\"}'  class=\"uavc-list-desc ult-responsive\" style=\"\">\n<p data-start=\"1215\" data-end=\"1266\"><strong data-start=\"1215\" data-end=\"1231\">EN ISO 12100<\/strong> \u2014 Analyse et r\u00e9duction des risques<\/p>\n<\/span><\/div><\/li><li><div class=\"uavc-list-content\" id=\"list-icon-wrap-8379\">\n<div class=\"uavc-list-icon  \" data-animation=\"\" data-animation-delay=\"03\" style=\"margin-right:20px;\"><div class=\"ult-just-icon-wrapper  \"><div class=\"align-icon\" style=\"text-align:center;\">\n<div class=\"aio-icon circle \"  style=\"color:#ccc4bc;background:#2e2925;font-size:18px;display:inline-block;\">\n\t<i class=\"Defaults-star\"><\/i>\n<\/div><\/div><\/div>\n<\/div><span  data-ultimate-target='#list-icon-wrap-8379 .uavc-list-desc'  data-responsive-json-new='{\"font-size\":\"\",\"line-height\":\"\"}'  class=\"uavc-list-desc ult-responsive\" style=\"\">\n<p data-start=\"1269\" data-end=\"1332\"><span style=\"color: #ccc4bc;\"><strong data-start=\"1269\" data-end=\"1282\">EN 1090-1<\/strong> \u2014 Composants structuraux en acier et aluminium<\/span><\/p>\n<\/span><\/div><\/li><\/ul><\/div><\/div><\/div><\/div><div class=\"vc_col-sm-6 wpb_column vc_column_container\"><div class=\"vc_column-inner\"><div class=\"wpb_wrapper\"><\/div><\/div><\/div><\/div><\/div><\/section><section class=\"l-section wpb_row height_custom color_alternate\" id=\"salva_spazio\"><div class=\"l-section-h i-cf\"><div class=\"g-cols vc_row via_flex valign_top type_default stacking_default\"><div class=\"vc_col-sm-12 wpb_column vc_column_container\"><div class=\"vc_column-inner\"><div class=\"wpb_wrapper\"><div class=\"wpb_text_column us_custom_8d533ffa has_text_color\"><div class=\"wpb_wrapper\"><h2 data-start=\"849\" data-end=\"905\"><span style=\"color: #f0b865;\">Mat\u00e9riaux certifi\u00e9s<\/span> et processus de production<\/h2>\n<\/div><\/div>[vc_empty_space height=\u00a0\u00bb20px\u00a0\u00bb]<div class=\"wpb_text_column\"><div class=\"wpb_wrapper\"><p>Les <strong>portails Fangates\u00ae<\/strong> sont r\u00e9alis\u00e9s avec des mat\u00e9riaux certifi\u00e9s et adapt\u00e9s \u00e0 l&rsquo;utilisation ext\u00e9rieure.<br \/>\nNous proposons trois versions diff\u00e9rentes : Acier Galva \u00e0 Froid (Version Classique), Acier Inox et Acier Corten.<br \/>\nL&rsquo;<strong>acier galvanis\u00e9 \u00e0 froid<\/strong> garantit une haute r\u00e9sistance \u00e0 la corrosion et une longue dur\u00e9e de vie.<br \/>\nL&rsquo;<strong>acier Corten <\/strong>se caract\u00e9rise par une oxydation superficielle contr\u00f4l\u00e9e qui cr\u00e9e une patine protectrice naturelle.<br \/>\nL&rsquo;<strong>acier Inox <\/strong>est particuli\u00e8rement indiqu\u00e9 pour les environnements expos\u00e9s \u00e0 des agents atmosph\u00e9riques plus s\u00e9v\u00e8res ou \u00e0 une salinit\u00e9 \u00e9lev\u00e9e.<\/p>\n<p>Tous les <strong>mat\u00e9riaux<\/strong> suivent des <strong>processus pr\u00e9cis de transformation, de d\u00e9coupe et de finition<\/strong>, comme sp\u00e9cifi\u00e9 dans la documentation<strong> technique Fangates\u00ae<\/strong>, assurant un produit conforme aux standards de qualit\u00e9 et de robustesse requis pour les installations r\u00e9sidentielles et professionnelles.<\/p>\n<\/div><\/div><\/div><\/div><\/div><\/div><\/div><\/section><section class=\"l-section wpb_row height_custom color_alternate\" id=\"salva_spazio\"><div class=\"l-section-h i-cf\"><div class=\"g-cols vc_row via_flex valign_top type_default stacking_default\"><div class=\"vc_col-sm-12 wpb_column vc_column_container\"><div class=\"vc_column-inner\"><div class=\"wpb_wrapper\"><div class=\"wpb_text_column us_custom_8d533ffa has_text_color\"><div class=\"wpb_wrapper\"><h2 data-start=\"849\" data-end=\"905\"><span style=\"color: #f0b865;\">Contr\u00f4le<\/span> et v\u00e9rification du fonctionnement<\/h2>\n<\/div><\/div>[vc_empty_space height=\u00a0\u00bb20px\u00a0\u00bb]<div class=\"wpb_text_column\"><div class=\"wpb_wrapper\"><p data-start=\"1195\" data-end=\"1692\">Avant la livraison, <strong>chaque<\/strong> <strong>portail Fangates\u00ae est enti\u00e8rement assembl\u00e9 et soumis \u00e0 un essai en atelier<\/strong>. Cette proc\u00e9dure permet de v\u00e9rifier le bon fonctionnement du mouvement en \u00e9ventail, la pr\u00e9cision de l&rsquo;encombrement, la fluidit\u00e9 des parties m\u00e9caniques et la stabilit\u00e9 de la structure. Le test comprend l\u2019ex\u00e9cution compl\u00e8te du cycle d&rsquo;ouverture et de fermeture, afin de garantir que le portail r\u00e9ponde aux performances annonc\u00e9es et soit pr\u00eat pour l\u2019installation finale.<\/p>\n<p data-start=\"1694\" data-end=\"1905\">Le <strong>contr\u00f4le est une \u00e9tape fondamentale du processus de production<\/strong> Fangates\u00ae, car il assure que chaque produit respecte les standards techniques et qualitativi pr\u00e9vus par le projet.<\/p>\n<\/div><\/div><\/div><\/div><\/div><\/div><\/div><\/section><section class=\"l-section wpb_row height_custom color_alternate\" id=\"salva_spazio\"><div class=\"l-section-h i-cf\"><div class=\"g-cols vc_row via_flex valign_top type_default stacking_default\"><div class=\"vc_col-sm-6 wpb_column vc_column_container\"><div class=\"vc_column-inner\"><div class=\"wpb_wrapper\"><div class=\"wpb_text_column us_custom_8d533ffa has_text_color\"><div class=\"wpb_wrapper\"><h2 data-start=\"849\" data-end=\"905\"><span style=\"color: #f0b865;\">Documentation<\/span> <strong data-start=\"2310\" data-end=\"2363\">technique fournie avec le produit<\/strong><\/h2>\n<\/div><\/div>[vc_empty_space height=\u00a0\u00bb20px\u00a0\u00bb]<div class=\"w-separator size_medium\"><\/div><div class=\"uavc-list-icon uavc-list-icon-wrapper ult-adjust-bottom-margin   \"><ul class=\"uavc-list\"><li><div class=\"uavc-list-content\" id=\"list-icon-wrap-1361\">\n<div class=\"uavc-list-icon  \" data-animation=\"\" data-animation-delay=\"03\" style=\"margin-right:20px;\"><div class=\"ult-just-icon-wrapper  \"><div class=\"align-icon\" style=\"text-align:center;\">\n<div class=\"aio-icon circle \"  style=\"color:#ccc4bc;background:#2e2925;font-size:18px;display:inline-block;\">\n\t<i class=\"Defaults-star\"><\/i>\n<\/div><\/div><\/div>\n<\/div><span  data-ultimate-target='#list-icon-wrap-1361 .uavc-list-desc'  data-responsive-json-new='{\"font-size\":\"\",\"line-height\":\"\"}'  class=\"uavc-list-desc ult-responsive\" style=\"color:#ccc4bc;\">\n<p data-start=\"1152\" data-end=\"1212\"><span style=\"color: #ccc4bc;\">Fiche technique du mod\u00e8le<\/span><\/p>\n<\/span><\/div><\/li><li><div class=\"uavc-list-content\" id=\"list-icon-wrap-1827\">\n<div class=\"uavc-list-icon  \" data-animation=\"\" data-animation-delay=\"03\" style=\"margin-right:20px;\"><div class=\"ult-just-icon-wrapper  \"><div class=\"align-icon\" style=\"text-align:center;\">\n<div class=\"aio-icon circle \"  style=\"color:#ccc4bc;background:#2e2925;font-size:18px;display:inline-block;\">\n\t<i class=\"Defaults-star\"><\/i>\n<\/div><\/div><\/div>\n<\/div><span  data-ultimate-target='#list-icon-wrap-1827 .uavc-list-desc'  data-responsive-json-new='{\"font-size\":\"\",\"line-height\":\"\"}'  class=\"uavc-list-desc ult-responsive\" style=\"color:#ccc4bc;\">\n<p data-start=\"1152\" data-end=\"1212\"><span style=\"color: #ccc4bc;\">Manuel d&rsquo;utilisation et d&rsquo;entretien<\/span><\/p>\n<\/span><\/div><\/li><li><div class=\"uavc-list-content\" id=\"list-icon-wrap-7532\">\n<div class=\"uavc-list-icon  \" data-animation=\"\" data-animation-delay=\"03\" style=\"margin-right:20px;\"><div class=\"ult-just-icon-wrapper  \"><div class=\"align-icon\" style=\"text-align:center;\">\n<div class=\"aio-icon circle \"  style=\"color:#ccc4bc;background:#2e2925;font-size:18px;display:inline-block;\">\n\t<i class=\"Defaults-star\"><\/i>\n<\/div><\/div><\/div>\n<\/div><span  data-ultimate-target='#list-icon-wrap-7532 .uavc-list-desc'  data-responsive-json-new='{\"font-size\":\"\",\"line-height\":\"\"}'  class=\"uavc-list-desc ult-responsive\" style=\"\">\n<p data-start=\"2540\" data-end=\"2589\"><span style=\"color: #ccc4bc;\">D\u00e9claration de conformit\u00e9<\/span><\/p>\n<\/span><\/div><\/li><li><div class=\"uavc-list-content\" id=\"list-icon-wrap-9665\">\n<div class=\"uavc-list-icon  \" data-animation=\"\" data-animation-delay=\"03\" style=\"margin-right:20px;\"><div class=\"ult-just-icon-wrapper  \"><div class=\"align-icon\" style=\"text-align:center;\">\n<div class=\"aio-icon circle \"  style=\"color:#ccc4bc;background:#2e2925;font-size:18px;display:inline-block;\">\n\t<i class=\"Defaults-star\"><\/i>\n<\/div><\/div><\/div>\n<\/div><span  data-ultimate-target='#list-icon-wrap-9665 .uavc-list-desc'  data-responsive-json-new='{\"font-size\":\"\",\"line-height\":\"\"}'  class=\"uavc-list-desc ult-responsive\" style=\"\">\n<p data-start=\"1269\" data-end=\"1332\"><span style=\"color: #ccc4bc;\">D\u00e9claration des performances (DOP)<\/span><\/p>\n<\/span><\/div><\/li><\/ul><\/div><\/div><\/div><\/div><div class=\"vc_col-sm-6 wpb_column vc_column_container\"><div class=\"vc_column-inner\"><div class=\"wpb_wrapper\"><\/div><\/div><\/div><\/div><\/div><\/section><section class=\"l-section wpb_row height_custom color_alternate\"><div class=\"l-section-h i-cf\"><div class=\"g-cols vc_row via_flex valign_top type_default stacking_default\"><div class=\"vc_col-sm-12 wpb_column vc_column_container\"><div class=\"vc_column-inner\"><div class=\"wpb_wrapper\"><div class=\"wpb_text_column\"><div class=\"wpb_wrapper\"><h3 style=\"text-align: center;\">Projets cofinanc\u00e9s par le <a href=\"https:\/\/www.regione.toscana.it\/-\/programma-regionale-fesr-2021-2027-i-documenti-del-programma\">POR FESR Toscane 2021-2027<\/a><\/h3>\n<\/div><\/div><div class=\"wpb_text_column\"><div class=\"wpb_wrapper\"><p style=\"text-align: center;\" data-start=\"1195\" data-end=\"1692\">Les projets Fangates\u00ae ont b\u00e9n\u00e9fici\u00e9 de cofinancements du <strong data-start=\"2891\" data-end=\"2921\">POR FESR Toscane 2021\u20132027<\/strong> pour les activit\u00e9s d&rsquo;internationalisation :<\/p>\n<\/div><\/div><div class=\"w-separator size_medium\"><\/div><div class=\"g-cols wpb_row via_flex valign_top type_default stacking_default\" style=\"--additional-gap:30;\"><div class=\"vc_col-sm-6 wpb_column vc_column_container\"><div class=\"vc_column-inner\"><div class=\"wpb_wrapper\"><div class=\"wpb_text_column\"><div class=\"wpb_wrapper\"><h4 style=\"text-align: right;\">APPEL \u00c0 PROJETS 2023<\/h4>\n<\/div><\/div><div class=\"w-image align_none\"><a href=\"https:\/\/www.fangates.it\/wp-content\/uploads\/2025\/11\/por_fesr-bando2023.png\" ref=\"magnificPopup\" aria-label=\"Lien\" class=\"w-image-h\"><img width=\"1400\" height=\"965\" src=\"https:\/\/www.fangates.it\/wp-content\/uploads\/2025\/11\/por_fesr-bando2023.png\" class=\"attachment-full size-full\" alt=\"fesr bando 2023\" loading=\"lazy\" srcset=\"https:\/\/www.fangates.it\/wp-content\/uploads\/2025\/11\/por_fesr-bando2023.png 1400w, https:\/\/www.fangates.it\/wp-content\/uploads\/2025\/11\/por_fesr-bando2023-300x207.png 300w, https:\/\/www.fangates.it\/wp-content\/uploads\/2025\/11\/por_fesr-bando2023-1024x706.png 1024w\" sizes=\"(max-width: 1400px) 100vw, 1400px\" \/><\/a><\/div><\/div><\/div><\/div><div class=\"vc_col-sm-6 wpb_column vc_column_container\"><div class=\"vc_column-inner\"><div class=\"wpb_wrapper\"><div class=\"wpb_text_column\"><div class=\"wpb_wrapper\"><h4 style=\"text-align: right;\">APPEL \u00c0 PROJETS 2025<\/h4>\n<\/div><\/div><div class=\"w-image align_none\"><a href=\"https:\/\/www.fangates.it\/wp-content\/uploads\/2025\/11\/por_fesr-bando2025.png\" ref=\"magnificPopup\" aria-label=\"Lien\" class=\"w-image-h\"><img width=\"1400\" height=\"965\" src=\"https:\/\/www.fangates.it\/wp-content\/uploads\/2025\/11\/por_fesr-bando2025.png\" class=\"attachment-full size-full\" alt=\"fesr bando2025\" loading=\"lazy\" srcset=\"https:\/\/www.fangates.it\/wp-content\/uploads\/2025\/11\/por_fesr-bando2025.png 1400w, https:\/\/www.fangates.it\/wp-content\/uploads\/2025\/11\/por_fesr-bando2025-300x207.png 300w, https:\/\/www.fangates.it\/wp-content\/uploads\/2025\/11\/por_fesr-bando2025-1024x706.png 1024w\" sizes=\"(max-width: 1400px) 100vw, 1400px\" \/><\/a><\/div><\/div><\/div><\/div><\/div><\/div><\/div><\/div><\/div><\/div><\/section>\n","protected":false},"excerpt":{"rendered":"Normes et directives appliqu\u00e9es aux portails Fangates\u00ae [vc_empty_space height=\"20px\"]Les portails Fangates\u00ae respectent les principales normes europ\u00e9ennes relatives \u00e0 la s\u00e9curit\u00e9, la conception et l&rsquo;installation des portails automatiques et manuels : EN 13241 \u2014 Exigences de s\u00e9curit\u00e9 pour les portails destin\u00e9s \u00e0 un usage r\u00e9sidentiel, commercial et industriel. EN 12453 \u2014 S\u00e9curit\u00e9 \u00e0 l'utilisation des portails...","protected":false},"author":1,"featured_media":0,"parent":0,"menu_order":0,"comment_status":"closed","ping_status":"closed","template":"","meta":{"om_disable_all_campaigns":false,"_monsterinsights_skip_tracking":false,"_monsterinsights_sitenote_active":false,"_monsterinsights_sitenote_note":"","_monsterinsights_sitenote_category":0},"aioseo_notices":[],"_links":{"self":[{"href":"https:\/\/www.fangates.it\/fr\/wp-json\/wp\/v2\/pages\/11134"}],"collection":[{"href":"https:\/\/www.fangates.it\/fr\/wp-json\/wp\/v2\/pages"}],"about":[{"href":"https:\/\/www.fangates.it\/fr\/wp-json\/wp\/v2\/types\/page"}],"author":[{"embeddable":true,"href":"https:\/\/www.fangates.it\/fr\/wp-json\/wp\/v2\/users\/1"}],"replies":[{"embeddable":true,"href":"https:\/\/www.fangates.it\/fr\/wp-json\/wp\/v2\/comments?post=11134"}],"version-history":[{"count":2,"href":"https:\/\/www.fangates.it\/fr\/wp-json\/wp\/v2\/pages\/11134\/revisions"}],"predecessor-version":[{"id":11138,"href":"https:\/\/www.fangates.it\/fr\/wp-json\/wp\/v2\/pages\/11134\/revisions\/11138"}],"wp:attachment":[{"href":"https:\/\/www.fangates.it\/fr\/wp-json\/wp\/v2\/media?parent=11134"}],"curies":[{"name":"wp","href":"https:\/\/api.w.org\/{rel}","templated":true}]}}